{"id":1650,"date":"2025-12-17T14:38:53","date_gmt":"2025-12-17T14:38:53","guid":{"rendered":"https:\/\/xtrailer.ro\/?page_id=1650"},"modified":"2026-03-27T07:43:26","modified_gmt":"2026-03-27T07:43:26","slug":"finantare","status":"publish","type":"page","link":"https:\/\/xtrailer.ro\/en\/finantare\/","title":{"rendered":"Financing"},"content":{"rendered":"<div id=\"fws_69f5b095c23a6\"  data-column-margin=\"default\" data-midnight=\"dark\"  class=\"wpb_row vc_row-fluid vc_row full-width-content vc_row-o-equal-height vc_row-flex vc_row-o-content-middle  right_padding_4pct left_padding_4pct reverse_columns_column_phone\"  style=\"padding-top: 20px; padding-bottom: 10px; \"><div class=\"row-bg-wrap\" data-bg-animation=\"none\" data-bg-animation-delay=\"\" data-bg-overlay=\"false\"><div class=\"inner-wrap row-bg-layer\" ><div class=\"row-bg viewport-desktop\"  style=\"\"><\/div><\/div><\/div><div class=\"row_col_wrap_12 col span_12 dark left\">\n\t<div  class=\"vc_col-sm-6 wpb_column column_container vc_column_container col padding-3-percent top_margin_phone_20px inherit_tablet no-extra-padding_phone\"  data-padding-pos=\"right\" data-has-bg-color=\"false\" data-bg-color=\"\" data-bg-opacity=\"1\" data-animation=\"\" data-delay=\"0\" >\n\t\t<div class=\"vc_column-inner\" >\n\t\t\t<div class=\"wpb_wrapper\">\n\t\t\t\t<div id=\"fws_69f5b095c30c4\" data-midnight=\"\" data-column-margin=\"default\" class=\"wpb_row vc_row-fluid vc_row inner_row  right_padding_phone_0px left_padding_phone_0px\"  style=\"\"><div class=\"row-bg-wrap\"> <div class=\"row-bg\" ><\/div> <\/div><div class=\"row_col_wrap_12_inner col span_12  left\">\n\t<div  class=\"vc_col-sm-12 wpb_column column_container vc_column_container col child_column right_padding_desktop_4pct\"   data-padding-pos=\"all\" data-has-bg-color=\"false\" data-bg-color=\"\" data-bg-opacity=\"1\" data-animation=\"\" data-delay=\"0\" >\n\t\t<div class=\"vc_column-inner\" >\n\t\t<div class=\"wpb_wrapper\">\n\t\t\t<div class=\"nectar-split-heading  font_size_2vw font_line_height_1-2\" data-align=\"default\" data-m-align=\"inherit\" data-text-effect=\"default\" data-animation-type=\"line-reveal-by-space\" data-animation-delay=\"0\" data-animation-offset=\"\" data-m-rm-animation=\"true\" data-stagger=\"true\" data-custom-font-size=\"true\" style=\"font-size: 2.5vw; line-height: 2.75vw;\"><h1 style=\" color: #000000;\">Financing for second-hand commercial vehicles<\/h1><\/div>\n<div class=\"wpb_text_column wpb_content_element\" >\n\t<p data-start=\"291\" data-end=\"526\">Purchasing a used vehicle often involves a significant investment.\nThat\u2019s why XTrailer also supports you with <strong data-start=\"418\" data-end=\"442\">financing solutions<\/strong>so you can acquire the right vehicle without blocking your company\u2019s capital.<br \/>\nWe work with trusted financial partners and help you choose the best option for your situation.<\/p>\n<\/div>\n\n\n\n<div class=\"nectar-split-heading  font_size_30px font_line_height_1-2\" data-align=\"default\" data-m-align=\"inherit\" data-text-effect=\"default\" data-animation-type=\"line-reveal-by-space\" data-animation-delay=\"0\" data-animation-offset=\"\" data-m-rm-animation=\"true\" data-stagger=\"true\" data-custom-font-size=\"true\" style=\"font-size: 30px; line-height: 32.4px;\"><h2 style=\" color: #000000;\">Leasing financiar sau credit<\/h2><\/div>\n<div class=\"wpb_text_column wpb_content_element\" >\n\t<ul>\n<li><strong>Financial leasing (with VAT<\/strong> \u2013 generally used for domestic purchases<\/li>\n<li><strong>Loan (without VAT)<\/strong> \u2013 generally used for international purchases<\/li>\n<\/ul>\n<p>The exact structure is determined on a case-by-case basis, depending on the vehicle and your financial profile.<\/p>\n<\/div>\n\n\n\n<div class=\"nectar-cta  hover_color_C82321 border_radius_100px alignment_tablet_default alignment_phone_default display_tablet_inherit display_phone_inherit font_size_desktop_18px\" data-color=\"accent-color\" data-using-bg=\"true\" data-style=\"text-reveal\" data-display=\"inline\" data-alignment=\"left\" data-text-color=\"custom\" style=\"margin-top: 5px;  --nectar-text-color: #FFFFFF; --nectar-button-color: var(--nectar-accent-color); --nectar-button-color-hover: #C82321; --nectar-icon-gap: 20px; \"><h5 style=\"color: #FFFFFF;\"><span class=\"link_wrap\" style=\"padding-top: 0.6em; padding-right: 1.5em; padding-bottom: 0.6em; padding-left: 1.5em;\"><a  class=\"link_text\" role=\"button\" href=\"https:\/\/xtrailer.ro\/en\/contact\/\"><span class=\"text nectar-text-reveal-button__text\" data-text=\"Talk to an XTrailer consultant\">Talk to an XTrailer consultant<\/span><\/a><\/span><\/h5><\/div>\n\t\t<\/div> \n\t<\/div>\n\t<\/div> \n<\/div><\/div>\n\t\t\t<\/div> \n\t\t<\/div>\n\t<\/div> \n\n\t<div style=\"\" class=\"vc_col-sm-6 wpb_column column_container vc_column_container col no-extra-padding no-extra-padding_tablet no-extra-padding_phone bg_img_front\" data-using-bg=\"true\" data-border-radius=\"20px\" data-padding-pos=\"top-bottom\" data-has-bg-color=\"true\" data-bg-color=\"#FFFFFF\" data-bg-opacity=\"1\" data-animation=\"\" data-delay=\"0\" >\n\t\t<div class=\"vc_column-inner\" ><div class=\"column-image-bg-wrap column-bg-layer viewport-desktop\" data-bg-pos=\"center top\" data-bg-animation=\"none\" data-bg-overlay=\"false\"><div class=\"inner-wrap\"><div class=\"column-image-bg\" style=\" background-image: url('https:\/\/xtrailer.ro\/wp-content\/uploads\/2026\/03\/Finantare-Xtrailer.jpg'); \"><\/div><\/div><\/div><div class=\"column-bg-overlay-wrap column-bg-layer\" data-bg-animation=\"none\"><div class=\"column-bg-overlay\" style=\"opacity: 1; background-color: #FFFFFF;\"><\/div><\/div>\n\t\t\t<div class=\"wpb_wrapper\">\n\t\t\t\t<div class=\"divider-wrap height_phone_40vh\" data-alignment=\"default\"><div style=\"height: 60vh;\" class=\"divider\"><\/div><\/div>\n\t\t\t<\/div> \n\t\t<\/div>\n\t<\/div> \n<\/div><\/div>\n\t\t<div id=\"fws_69f5b095c6156\"  data-column-margin=\"default\" data-midnight=\"dark\" data-top-percent=\"3%\" data-bottom-percent=\"2%\"  class=\"wpb_row vc_row-fluid vc_row full-width-content vc_row-o-equal-height vc_row-flex vc_row-o-content-middle  right_padding_4pct left_padding_4pct top_padding_phone_30px\"  style=\"padding-top: calc(100vw * 0.03); padding-bottom: calc(100vw * 0.02); \"><div class=\"row-bg-wrap\" data-bg-animation=\"none\" data-bg-animation-delay=\"\" data-bg-overlay=\"false\"><div class=\"inner-wrap row-bg-layer\" ><div class=\"row-bg viewport-desktop\"  style=\"\"><\/div><\/div><\/div><div class=\"row_col_wrap_12 col span_12 dark left\">\n\t<div style=\"\" class=\"vc_col-sm-6 wpb_column column_container vc_column_container col no-extra-padding no-extra-padding_tablet no-extra-padding_phone\" data-using-bg=\"true\" data-border-radius=\"20px\" data-bg-cover=\"true\" data-padding-pos=\"right\" data-has-bg-color=\"false\" data-bg-color=\"\" data-bg-opacity=\"1\" data-animation=\"\" data-delay=\"0\" >\n\t\t<div class=\"vc_column-inner\" ><div class=\"column-image-bg-wrap column-bg-layer viewport-desktop\" data-bg-pos=\"center center\" data-bg-animation=\"none\" data-bg-overlay=\"false\"><div class=\"inner-wrap\"><div class=\"column-image-bg\" style=\" background-image: url('https:\/\/xtrailer.ro\/wp-content\/uploads\/2026\/01\/9322.jpg'); \"><\/div><\/div><\/div>\n\t\t\t<div class=\"wpb_wrapper\">\n\t\t\t\t<div class=\"divider-wrap height_phone_40vh\" data-alignment=\"default\"><div style=\"height: 50vh;\" class=\"divider\"><\/div><\/div>\n\t\t\t<\/div> \n\t\t<\/div>\n\t<\/div> \n\n\t<div  class=\"vc_col-sm-6 wpb_column column_container vc_column_container col left_padding_desktop_9pct left_padding_phone_0px top_padding_desktop_7pct bottom_padding_desktop_7pct\"  data-padding-pos=\"all\" data-has-bg-color=\"false\" data-bg-color=\"\" data-bg-opacity=\"1\" data-animation=\"\" data-delay=\"0\" >\n\t\t<div class=\"vc_column-inner\" >\n\t\t\t<div class=\"wpb_wrapper\">\n\t\t\t\t<div id=\"fws_69f5b095c7745\" data-midnight=\"\" data-column-margin=\"default\" class=\"wpb_row vc_row-fluid vc_row inner_row  right_padding_phone_0px left_padding_phone_0px\"  style=\"padding-bottom: 20px; \"><div class=\"row-bg-wrap\"> <div class=\"row-bg\" ><\/div> <\/div><div class=\"row_col_wrap_12_inner col span_12  left\">\n\t<div  class=\"vc_col-sm-12 wpb_column column_container vc_column_container col child_column no-extra-padding inherit_tablet inherit_phone\"   data-padding-pos=\"all\" data-has-bg-color=\"false\" data-bg-color=\"\" data-bg-opacity=\"1\" data-animation=\"\" data-delay=\"0\" >\n\t\t<div class=\"vc_column-inner\" >\n\t\t<div class=\"wpb_wrapper\">\n\t\t\t<div class=\"nectar-split-heading  font_size_2vw font_line_height_1-2\" data-align=\"default\" data-m-align=\"inherit\" data-text-effect=\"default\" data-animation-type=\"line-reveal-by-space\" data-animation-delay=\"0\" data-animation-offset=\"\" data-m-rm-animation=\"true\" data-stagger=\"true\" data-custom-font-size=\"true\" style=\"font-size: 2.5vw; line-height: 2.75vw;\"><h2 style=\" color: #000000;\">Cum te ajut\u0103 XTrailer<\/h2><\/div>\n<div class=\"wpb_text_column wpb_content_element  vc_custom_1767781766436\" >\n\t<p data-start=\"211\" data-end=\"486\">We support you throughout the entire financing process, ensuring the vehicle purchase is properly aligned with the chosen solution and helping you avoid delays or complications:<\/p>\n<\/div>\n\n\n\n\n<div class=\"wpb_text_column wpb_content_element  vc_custom_1768566606922\" >\n\t<ul>\n<li>we analyze your situation and recommend the right option<\/li>\n<li>we align financing with the purchase process<\/li>\n<li>we assist you with the necessary documentation<\/li>\n<li>we negotiate terms with financial partners<\/li>\n<\/ul>\n<p class=\"translation-block\">For second-hand vehicles, there may be solutions that take into account the vehicle\u2019s age (up to 10 years) and a down payment tailored to your situation. We do not act as brokers and we do not display standard offers \u2013 everything is set transparently, based on your specific case.<\/p>\n<p data-pm-slice=\"0 0 &#091;&#093;\" class=\"translation-block\">Our goal is to help you make a safe and informed decision, without pressure and without hidden costs.<\/p>\n<\/div>\n\n\n\n<div class=\"nectar-cta  hover_color_C82321 border_radius_100px alignment_tablet_default alignment_phone_default display_tablet_inherit display_phone_inherit font_size_desktop_18px translate_y_desktop_20px\" data-color=\"accent-color\" data-using-bg=\"true\" data-style=\"text-reveal\" data-display=\"inline\" data-alignment=\"left\" data-text-color=\"custom\" style=\"margin-top: 5px;  --nectar-text-color: #FFFFFF; --nectar-button-color: var(--nectar-accent-color); --nectar-button-color-hover: #C82321; --nectar-icon-gap: 20px; \"><h5 style=\"color: #FFFFFF;\"><span class=\"link_wrap\" style=\"padding-top: 0.6em; padding-right: 1.5em; padding-bottom: 0.6em; padding-left: 1.5em;\"><a  class=\"link_text\" role=\"button\" href=\"https:\/\/xtrailer.ro\/en\/contact\/\"><span class=\"text nectar-text-reveal-button__text\" data-text=\"Talk to a consultant\">Talk to a consultant<\/span><\/a><\/span><\/h5><\/div>\n\t\t<\/div> \n\t<\/div>\n\t<\/div> \n<\/div><\/div>\n\t\t\t<\/div> \n\t\t<\/div>\n\t<\/div> \n<\/div><\/div>\n\t\t<div id=\"clients\"  data-column-margin=\"default\" data-midnight=\"dark\" data-top-percent=\"2%\" data-bottom-percent=\"6%\"  class=\"wpb_row vc_row-fluid vc_row full-width-section  zindex-set right_padding_20pct left_padding_20pct top_padding_tablet_10pct bottom_padding_tablet_40px right_padding_tablet_15pct right_padding_phone_0px left_padding_tablet_15pct left_padding_phone_0px\"  style=\"padding-top: calc(100vw * 0.02); padding-bottom: calc(100vw * 0.06);  z-index: 2;\"><div class=\"row-bg-wrap\" data-bg-animation=\"none\" data-bg-animation-delay=\"\" data-bg-overlay=\"false\"><div class=\"inner-wrap row-bg-layer\" ><div class=\"row-bg viewport-desktop\"  style=\"\"><\/div><\/div><div class=\"row-bg-overlay row-bg-layer\" style=\"\"><\/div><\/div><div class=\"row_col_wrap_12 col span_12 dark left\">\n\t<div  class=\"vc_col-sm-12 wpb_column column_container vc_column_container col no-extra-padding column_position_static force-desktop-text-align-center force-phone-text-align-left el_spacing_0px inherit_tablet inherit_phone\"  data-padding-pos=\"all\" data-has-bg-color=\"false\" data-bg-color=\"\" data-bg-opacity=\"1\" data-animation=\"\" data-delay=\"0\" >\n\t\t<div class=\"vc_column-inner\" >\n\t\t\t<div class=\"wpb_wrapper\">\n\t\t\t\t<div class=\"nectar-split-heading  font_size_2vw font_line_height_1-2\" data-align=\"default\" data-m-align=\"left\" data-text-effect=\"default\" data-animation-type=\"line-reveal-by-space\" data-animation-delay=\"0\" data-animation-offset=\"\" data-m-rm-animation=\"true\" data-stagger=\"true\" data-custom-font-size=\"true\" style=\"font-size: 2.5vw; line-height: 2.75vw;\"><h2 style=\" color: #000000;\">Trusted financial partners<\/h2><\/div>\n<div class=\"wpb_text_column wpb_content_element  text_direction_ltr  vc_custom_1769614666642\" >\n\t<p>We collaborate with well-known financial partners to provide you with safe and transparent solutions.<\/p>\n<\/div>\n\n\n\n<div class=\"divider-wrap height_tablet_40px height_phone_10px\" data-alignment=\"default\"><div style=\"height: 30px;\" class=\"divider\"><\/div><\/div>\n\t<div class=\"wpb_gallery wpb_content_element clearfix\">\n\t\t<div class=\"wpb_wrapper\"><div class=\"wpb_gallery_slidesflickity_static_height_style\" data-onclick=\"link_no\" data-interval=\"5\"><style>.wpb_gallery_slidesflickity_static_height_style .nectar-flickity.instace-69f5b095ca606:not(.masonry) .flickity-slider .cell img {\n      height: 40px;\n    }\n    @media only screen and (max-width: 1300px) {\n      .wpb_gallery_slidesflickity_static_height_style .nectar-flickity.instace-69f5b095ca606:not(.masonry) .flickity-slider .cell img {\n        height: 40px;\n      }\n    }\n    @media only screen and (max-width: 1000px) {\n      .wpb_gallery_slidesflickity_static_height_style .nectar-flickity.instace-69f5b095ca606:not(.masonry) .flickity-slider .cell img {\n        height: 35px;\n      }\n    }\n    @media only screen and (max-width: 690px) {\n      .wpb_gallery_slidesflickity_static_height_style .nectar-flickity.instace-69f5b095ca606:not(.masonry) .flickity-slider .cell img {\n        height: 40px;\n      }\n    }<\/style><div class=\"nectar-flickity not-initialized instace-69f5b095ca606 ticker-rotate\" data-ticker-speed=\"slow\" data-pause-on-hover=\"\"  data-touch-icon-color=\"default\" data-drag-scale=\"\" data-overflow=\"hidden\" data-wrap=\"wrap\" data-spacing=\"50px\" data-shadow=\"none\" data-autoplay=\"true\" data-autoplay-dur=\"\" data-free-scroll=\"\" data-controls=\"none\"><div class=\"flickity-viewport\"> <div class=\"flickity-slider\"><div class=\"cell\" data-lazy=\"false\"><img loading=\"lazy\" decoding=\"async\" width=\"800\" height=\"257\" src=\"https:\/\/xtrailer.ro\/wp-content\/uploads\/2026\/01\/raiffeisen-leasing-2.jpg\" class=\"skip-lazy nectar-lazy attachment-large\" alt=\"\" title=\"raiffeisen-leasing-2\" srcset=\"https:\/\/xtrailer.ro\/wp-content\/uploads\/2026\/01\/raiffeisen-leasing-2.jpg 800w, https:\/\/xtrailer.ro\/wp-content\/uploads\/2026\/01\/raiffeisen-leasing-2-300x96.jpg 300w, https:\/\/xtrailer.ro\/wp-content\/uploads\/2026\/01\/raiffeisen-leasing-2-768x247.jpg 768w\" sizes=\"auto, (max-width: 800px) 100vw, 800px\" \/><\/div><div class=\"cell\" data-lazy=\"false\"><img loading=\"lazy\" decoding=\"async\" width=\"800\" height=\"257\" src=\"https:\/\/xtrailer.ro\/wp-content\/uploads\/2026\/01\/bcr-leasing2.jpg\" class=\"skip-lazy nectar-lazy attachment-large\" alt=\"\" title=\"bcr-leasing2\" srcset=\"https:\/\/xtrailer.ro\/wp-content\/uploads\/2026\/01\/bcr-leasing2.jpg 800w, https:\/\/xtrailer.ro\/wp-content\/uploads\/2026\/01\/bcr-leasing2-300x96.jpg 300w, https:\/\/xtrailer.ro\/wp-content\/uploads\/2026\/01\/bcr-leasing2-768x247.jpg 768w\" sizes=\"auto, (max-width: 800px) 100vw, 800px\" \/><\/div><div class=\"cell\" data-lazy=\"false\"><img loading=\"lazy\" decoding=\"async\" width=\"800\" height=\"257\" src=\"https:\/\/xtrailer.ro\/wp-content\/uploads\/2026\/01\/unicredit_logo_leasing2.jpg\" class=\"skip-lazy nectar-lazy attachment-large\" alt=\"\" title=\"unicredit_logo_leasing2\" srcset=\"https:\/\/xtrailer.ro\/wp-content\/uploads\/2026\/01\/unicredit_logo_leasing2.jpg 800w, https:\/\/xtrailer.ro\/wp-content\/uploads\/2026\/01\/unicredit_logo_leasing2-300x96.jpg 300w, https:\/\/xtrailer.ro\/wp-content\/uploads\/2026\/01\/unicredit_logo_leasing2-768x247.jpg 768w\" sizes=\"auto, (max-width: 800px) 100vw, 800px\" \/><\/div><div class=\"cell\" data-lazy=\"false\"><img loading=\"lazy\" decoding=\"async\" width=\"800\" height=\"257\" src=\"https:\/\/xtrailer.ro\/wp-content\/uploads\/2026\/01\/bt-leasing.jpg\" class=\"skip-lazy nectar-lazy attachment-large\" alt=\"\" title=\"bt-leasing\" srcset=\"https:\/\/xtrailer.ro\/wp-content\/uploads\/2026\/01\/bt-leasing.jpg 800w, https:\/\/xtrailer.ro\/wp-content\/uploads\/2026\/01\/bt-leasing-300x96.jpg 300w, https:\/\/xtrailer.ro\/wp-content\/uploads\/2026\/01\/bt-leasing-768x247.jpg 768w\" sizes=\"auto, (max-width: 800px) 100vw, 800px\" \/><\/div><\/div><\/div><\/div><\/div>\n\t\t<\/div> \n\t<\/div> <div class=\"divider-wrap height_phone_10px\" data-alignment=\"default\"><div style=\"height: 25px;\" class=\"divider\"><\/div><\/div>\n\t\t\t<\/div> \n\t\t<\/div>\n\t<\/div> \n<\/div><\/div>","protected":false},"excerpt":{"rendered":"Financing for second-hand commercial vehicles Achizi\u021bia unui vehicul rulat presupune, de multe ori, o investi\u021bie important\u0103. De aceea, XTrailer te sprijin\u0103 \u0219i cu solu\u021bii de finan\u021bare, astfel \u00eenc\u00e2t s\u0103 po\u021bi...","protected":false},"author":1,"featured_media":0,"parent":0,"menu_order":0,"comment_status":"closed","ping_status":"closed","template":"","meta":{"footnotes":""},"class_list":["post-1650","page","type-page","status-publish"],"yoast_head":"<!-- This site is optimized with the Yoast SEO plugin v27.5 - https:\/\/yoast.com\/product\/yoast-seo-wordpress\/ -->\n<title>Finan\u021bare - XTrailer<\/title>\n<meta name=\"robots\" content=\"index, follow, max-snippet:-1, max-image-preview:large, max-video-preview:-1\" \/>\n<link rel=\"canonical\" href=\"https:\/\/xtrailer.ro\/en\/finantare\/\" \/>\n<meta property=\"og:locale\" content=\"en_US\" \/>\n<meta property=\"og:type\" content=\"article\" \/>\n<meta property=\"og:title\" content=\"Finan\u021bare - XTrailer\" \/>\n<meta property=\"og:url\" content=\"https:\/\/xtrailer.ro\/en\/finantare\/\" \/>\n<meta property=\"og:site_name\" content=\"XTrailer\" \/>\n<meta property=\"article:publisher\" content=\"https:\/\/www.facebook.com\/xtrailer.715720\" \/>\n<meta property=\"article:modified_time\" content=\"2026-03-27T07:43:26+00:00\" \/>\n<meta name=\"twitter:card\" content=\"summary_large_image\" \/>\n<meta name=\"twitter:label1\" content=\"Est. reading time\" \/>\n\t<meta name=\"twitter:data1\" content=\"12 minutes\" \/>\n<script type=\"application\/ld+json\" class=\"yoast-schema-graph\">{\"@context\":\"https:\\\/\\\/schema.org\",\"@graph\":[{\"@type\":\"WebPage\",\"@id\":\"https:\\\/\\\/xtrailer.ro\\\/finantare\\\/\",\"url\":\"https:\\\/\\\/xtrailer.ro\\\/finantare\\\/\",\"name\":\"Finan\u021bare - XTrailer\",\"isPartOf\":{\"@id\":\"https:\\\/\\\/xtrailer.ro\\\/#website\"},\"datePublished\":\"2025-12-17T14:38:53+00:00\",\"dateModified\":\"2026-03-27T07:43:26+00:00\",\"breadcrumb\":{\"@id\":\"https:\\\/\\\/xtrailer.ro\\\/finantare\\\/#breadcrumb\"},\"inLanguage\":\"en-US\",\"potentialAction\":[{\"@type\":\"ReadAction\",\"target\":[\"https:\\\/\\\/xtrailer.ro\\\/finantare\\\/\"]}]},{\"@type\":\"BreadcrumbList\",\"@id\":\"https:\\\/\\\/xtrailer.ro\\\/finantare\\\/#breadcrumb\",\"itemListElement\":[{\"@type\":\"ListItem\",\"position\":1,\"name\":\"Home\",\"item\":\"https:\\\/\\\/xtrailer.ro\\\/\"},{\"@type\":\"ListItem\",\"position\":2,\"name\":\"Finan\u021bare\"}]},{\"@type\":\"WebSite\",\"@id\":\"https:\\\/\\\/xtrailer.ro\\\/#website\",\"url\":\"https:\\\/\\\/xtrailer.ro\\\/\",\"name\":\"XTrailer\",\"description\":\"\",\"publisher\":{\"@id\":\"https:\\\/\\\/xtrailer.ro\\\/#organization\"},\"potentialAction\":[{\"@type\":\"SearchAction\",\"target\":{\"@type\":\"EntryPoint\",\"urlTemplate\":\"https:\\\/\\\/xtrailer.ro\\\/?s={search_term_string}\"},\"query-input\":{\"@type\":\"PropertyValueSpecification\",\"valueRequired\":true,\"valueName\":\"search_term_string\"}}],\"inLanguage\":\"en-US\"},{\"@type\":\"Organization\",\"@id\":\"https:\\\/\\\/xtrailer.ro\\\/#organization\",\"name\":\"XTrailer\",\"url\":\"https:\\\/\\\/xtrailer.ro\\\/\",\"logo\":{\"@type\":\"ImageObject\",\"inLanguage\":\"en-US\",\"@id\":\"https:\\\/\\\/xtrailer.ro\\\/#\\\/schema\\\/logo\\\/image\\\/\",\"url\":\"https:\\\/\\\/xtrailer.ro\\\/wp-content\\\/uploads\\\/2026\\\/01\\\/Logo-XTrailer-1x.png\",\"contentUrl\":\"https:\\\/\\\/xtrailer.ro\\\/wp-content\\\/uploads\\\/2026\\\/01\\\/Logo-XTrailer-1x.png\",\"width\":500,\"height\":133,\"caption\":\"XTrailer\"},\"image\":{\"@id\":\"https:\\\/\\\/xtrailer.ro\\\/#\\\/schema\\\/logo\\\/image\\\/\"},\"sameAs\":[\"https:\\\/\\\/www.facebook.com\\\/xtrailer.715720\",\"https:\\\/\\\/www.tiktok.com\\\/@trailerstore\"]}]}<\/script>\n<!-- \/ Yoast SEO plugin. -->","yoast_head_json":{"title":"Finan\u021bare - XTrailer","robots":{"index":"index","follow":"follow","max-snippet":"max-snippet:-1","max-image-preview":"max-image-preview:large","max-video-preview":"max-video-preview:-1"},"canonical":"https:\/\/xtrailer.ro\/en\/finantare\/","og_locale":"en_US","og_type":"article","og_title":"Finan\u021bare - XTrailer","og_url":"https:\/\/xtrailer.ro\/en\/finantare\/","og_site_name":"XTrailer","article_publisher":"https:\/\/www.facebook.com\/xtrailer.715720","article_modified_time":"2026-03-27T07:43:26+00:00","twitter_card":"summary_large_image","twitter_misc":{"Est. reading time":"12 minutes"},"schema":{"@context":"https:\/\/schema.org","@graph":[{"@type":"WebPage","@id":"https:\/\/xtrailer.ro\/finantare\/","url":"https:\/\/xtrailer.ro\/finantare\/","name":"Finan\u021bare - XTrailer","isPartOf":{"@id":"https:\/\/xtrailer.ro\/#website"},"datePublished":"2025-12-17T14:38:53+00:00","dateModified":"2026-03-27T07:43:26+00:00","breadcrumb":{"@id":"https:\/\/xtrailer.ro\/finantare\/#breadcrumb"},"inLanguage":"en-US","potentialAction":[{"@type":"ReadAction","target":["https:\/\/xtrailer.ro\/finantare\/"]}]},{"@type":"BreadcrumbList","@id":"https:\/\/xtrailer.ro\/finantare\/#breadcrumb","itemListElement":[{"@type":"ListItem","position":1,"name":"Home","item":"https:\/\/xtrailer.ro\/"},{"@type":"ListItem","position":2,"name":"Finan\u021bare"}]},{"@type":"WebSite","@id":"https:\/\/xtrailer.ro\/#website","url":"https:\/\/xtrailer.ro\/","name":"you","description":"","publisher":{"@id":"https:\/\/xtrailer.ro\/#organization"},"potentialAction":[{"@type":"SearchAction","target":{"@type":"EntryPoint","urlTemplate":"https:\/\/xtrailer.ro\/?s={search_term_string}"},"query-input":{"@type":"PropertyValueSpecification","valueRequired":true,"valueName":"search_term_string"}}],"inLanguage":"en-US"},{"@type":"Organization","@id":"https:\/\/xtrailer.ro\/#organization","name":"you","url":"https:\/\/xtrailer.ro\/","logo":{"@type":"ImageObject","inLanguage":"en-US","@id":"https:\/\/xtrailer.ro\/#\/schema\/logo\/image\/","url":"https:\/\/xtrailer.ro\/wp-content\/uploads\/2026\/01\/Logo-XTrailer-1x.png","contentUrl":"https:\/\/xtrailer.ro\/wp-content\/uploads\/2026\/01\/Logo-XTrailer-1x.png","width":500,"height":133,"caption":"XTrailer"},"image":{"@id":"https:\/\/xtrailer.ro\/#\/schema\/logo\/image\/"},"sameAs":["https:\/\/www.facebook.com\/xtrailer.715720","https:\/\/www.tiktok.com\/@trailerstore"]}]}},"_links":{"self":[{"href":"https:\/\/xtrailer.ro\/en\/wp-json\/wp\/v2\/pages\/1650","targetHints":{"allow":["GET"]}}],"collection":[{"href":"https:\/\/xtrailer.ro\/en\/wp-json\/wp\/v2\/pages"}],"about":[{"href":"https:\/\/xtrailer.ro\/en\/wp-json\/wp\/v2\/types\/page"}],"author":[{"embeddable":true,"href":"https:\/\/xtrailer.ro\/en\/wp-json\/wp\/v2\/users\/1"}],"replies":[{"embeddable":true,"href":"https:\/\/xtrailer.ro\/en\/wp-json\/wp\/v2\/comments?post=1650"}],"version-history":[{"count":124,"href":"https:\/\/xtrailer.ro\/en\/wp-json\/wp\/v2\/pages\/1650\/revisions"}],"predecessor-version":[{"id":3170,"href":"https:\/\/xtrailer.ro\/en\/wp-json\/wp\/v2\/pages\/1650\/revisions\/3170"}],"wp:attachment":[{"href":"https:\/\/xtrailer.ro\/en\/wp-json\/wp\/v2\/media?parent=1650"}],"curies":[{"name":"wp","href":"https:\/\/api.w.org\/{rel}","templated":true}]}}