{"id":1652,"date":"2025-12-17T14:39:24","date_gmt":"2025-12-17T14:39:24","guid":{"rendered":"https:\/\/xtrailer.ro\/?page_id=1652"},"modified":"2026-01-28T15:52:06","modified_gmt":"2026-01-28T15:52:06","slug":"contact","status":"publish","type":"page","link":"https:\/\/xtrailer.ro\/en\/contact\/","title":{"rendered":"Contact"},"content":{"rendered":"<div id=\"fws_69f3370ea515b\"  data-column-margin=\"default\" data-midnight=\"light\"  class=\"wpb_row vc_row-fluid vc_row full-width-section  top_padding_phone_0px bottom_padding_phone_0px\"  style=\"padding-top: 0px; padding-bottom: 0px; \"><div class=\"row-bg-wrap\" data-bg-animation=\"none\" data-bg-animation-delay=\"\" data-bg-overlay=\"false\"><div class=\"inner-wrap row-bg-layer using-image\" ><div class=\"row-bg viewport-desktop using-image has-phone\"  style=\"\"><\/div><div class=\"row-bg viewport-phone using-image\"  style=\"background-image: url(https:\/\/xtrailer.ro\/wp-content\/uploads\/2026\/01\/contact-xtrailer-2.jpg); background-position: ; background-repeat: ; \"><\/div><\/div><\/div><div class=\"row_col_wrap_12 col span_12 light left\">\n\t<div  class=\"vc_col-sm-12 vc_hidden-xs wpb_column column_container vc_column_container col no-extra-padding inherit_tablet inherit_phone\"  data-padding-pos=\"all\" data-has-bg-color=\"false\" data-bg-color=\"\" data-bg-opacity=\"1\" data-animation=\"\" data-delay=\"0\" >\n\t\t<div class=\"vc_column-inner\" >\n\t\t\t<div class=\"wpb_wrapper\">\n\t\t\t\t<div class=\"divider-wrap height_phone_200px\" data-alignment=\"default\"><div style=\"height: 25px;\" class=\"divider\"><\/div><\/div>\n\t\t\t<\/div> \n\t\t<\/div>\n\t<\/div> \n<\/div><\/div>\n\t\t<div id=\"fws_69f3370ea6d74\"  data-column-margin=\"default\" data-midnight=\"light\" data-top-percent=\"15%\" data-bottom-percent=\"5%\"  class=\"wpb_row vc_row-fluid vc_row full-width-section  translate_y_-25px top_padding_phone_0px bottom_padding_phone_0px translate_y_tablet_0px translate_y_phone_0px\"  style=\"padding-top: calc(100vw * 0.15); padding-bottom: calc(100vw * 0.05); \"><div class=\"row-bg-wrap\" data-bg-animation=\"none\" data-bg-animation-delay=\"\" data-bg-overlay=\"false\"><div class=\"inner-wrap row-bg-layer using-image\" ><div class=\"row-bg viewport-desktop using-image\"  style=\"background-image: url(https:\/\/xtrailer.ro\/wp-content\/uploads\/2026\/01\/contact-xtrailer-2.jpg); background-position: left center; background-repeat: no-repeat; \"><\/div><\/div><\/div><div class=\"row_col_wrap_12 col span_12 light left\">\n\t<div  class=\"vc_col-sm-12 vc_hidden-lg vc_hidden-md vc_hidden-sm wpb_column column_container vc_column_container col no-extra-padding inherit_tablet inherit_phone\"  data-padding-pos=\"all\" data-has-bg-color=\"false\" data-bg-color=\"\" data-bg-opacity=\"1\" data-animation=\"\" data-delay=\"0\" >\n\t\t<div class=\"vc_column-inner\" >\n\t\t\t<div class=\"wpb_wrapper\">\n\t\t\t\t<div class=\"divider-wrap height_phone_200px\" data-alignment=\"default\"><div style=\"height: 70px;\" class=\"divider\"><\/div><\/div>\n\t\t\t<\/div> \n\t\t<\/div>\n\t<\/div> \n<\/div><\/div>\n\t\t<div id=\"fws_69f3370ea83cd\"  data-column-margin=\"default\" data-midnight=\"dark\"  class=\"wpb_row vc_row-fluid vc_row has-row-bg-color  zindex-set\"  style=\"padding-top: 0px; padding-bottom: 0px;  z-index: 100;--row-bg-color: #ffffff;\"><div class=\"row-bg-wrap\" data-bg-animation=\"none\" data-bg-animation-delay=\"\" data-bg-overlay=\"true\"><div class=\"inner-wrap row-bg-layer\" ><div class=\"row-bg viewport-desktop using-bg-color\"  style=\"background-color: #ffffff; \"><\/div><\/div><div class=\"row-bg-overlay row-bg-layer\" style=\"background-color:#ffffff;  opacity: 0.8; \"><\/div><\/div><div class=\"row_col_wrap_12 col span_12 dark left\">\n\t<div style=\"margin-top: 70px; \" class=\"vc_col-sm-6 wpb_column column_container vc_column_container col no-extra-padding top_margin_phone_20px inherit_tablet inherit_phone flex_gap_desktop_10px\"  data-padding-pos=\"all\" data-has-bg-color=\"false\" data-bg-color=\"\" data-bg-opacity=\"1\" data-animation=\"\" data-delay=\"0\" >\n\t\t<div class=\"vc_column-inner\" >\n\t\t\t<div class=\"wpb_wrapper\">\n\t\t\t\t\n<div class=\"wpb_text_column wpb_content_element\" >\n\t<h1>Contact us<\/h1>\n<\/div>\n\n\n\n\n<div class=\"wpb_text_column wpb_content_element\" >\n\t<p data-start=\"2028\" data-end=\"2124\">Have questions or want to discuss buying a used vehicle? We're here to help.<\/p>\n<p data-start=\"2126\" data-end=\"2198\">We respond quickly and provide clear recommendations tailored to your needs.<\/p>\n<\/div>\n\n\n\n<div class=\"divider-wrap\" data-alignment=\"default\"><div style=\"height: 20px;\" class=\"divider\"><\/div><\/div><div class=\"iwithtext\"><div class=\"iwt-icon\"> <i class=\"icon-default-style fa fa-envelope-o accent-color\"><\/i> <\/div><div class=\"iwt-text\"> \n<h5><strong><a href=\"mailto:office@xtrailer.ro\">office@xtrailer.ro<\/a><\/strong><\/h5>\n <\/div><div class=\"clear\"><\/div><\/div><div class=\"iwithtext\"><div class=\"iwt-icon\"> <i class=\"icon-default-style fa fa-phone accent-color\"><\/i> <\/div><div class=\"iwt-text\"> \n<h5><strong><a href=\"tel:+40721995768\">+40 721 995 768<\/a><\/strong><\/h5>\n <\/div><div class=\"clear\"><\/div><\/div><div class=\"iwithtext\"><div class=\"iwt-icon\"> <i class=\"icon-default-style fa fa-location-arrow accent-color\"><\/i> <\/div><div class=\"iwt-text\"> \n<h5><strong>Bucharest, Arad<\/strong><\/h5>\n <\/div><div class=\"clear\"><\/div><\/div>\n\t\t\t<\/div> \n\t\t<\/div>\n\t<\/div> \n\n\t<div  class=\"vc_col-sm-6 wpb_column column_container vc_column_container col no-extra-padding inherit_tablet inherit_phone flex_gap_desktop_10px\"  data-padding-pos=\"all\" data-has-bg-color=\"false\" data-bg-color=\"\" data-bg-opacity=\"1\" data-animation=\"\" data-delay=\"0\" >\n\t\t<div class=\"vc_column-inner\" >\n\t\t\t<div class=\"wpb_wrapper\">\n\t\t\t\t<div id=\"fws_69f3370eaa753\" data-midnight=\"\" data-column-margin=\"default\" class=\"wpb_row vc_row-fluid vc_row inner_row\"  style=\"\"><div class=\"row-bg-wrap\"> <div class=\"row-bg\" ><\/div> <\/div><div class=\"row_col_wrap_12_inner col span_12  left\">\n\t<div style=\"\" class=\"vc_col-sm-12 wpb_column column_container vc_column_container col child_column has-animation translate_y_phone_0px left_padding_desktop_6pct top_padding_desktop_6pct right_padding_desktop_6pct bottom_padding_desktop_6pct\"  data-using-bg=\"true\" data-shadow=\"custom\" data-border-radius=\"20px\" data-padding-pos=\"all\" data-has-bg-color=\"true\" data-bg-color=\"#ffffff\" data-bg-opacity=\"1\" data-animation=\"fade-in-from-bottom\" data-delay=\"0\" >\n\t\t<div class=\"vc_column-inner\" style=\"box-shadow: 0px 0px 5px 0px rgba(0,0,0,0.2);transform:  translateY(-110px);\"><div class=\"column-bg-overlay-wrap column-bg-layer\" data-bg-animation=\"none\"><div class=\"column-bg-overlay\" style=\"opacity: 1; background-color: #ffffff;\"><\/div><\/div>\n\t\t<div class=\"wpb_wrapper\">\n\t\t\t\n<div class=\"wpb_text_column wpb_content_element  wpb_animate_when_almost_visible wpb_fadeIn fadeIn vc_custom_1767881284325\" >\n\t<h2 class=\"elementor-heading-title elementor-size-default\"><span style=\"color: #000000;\"><strong>Write us a message!<\/strong><\/span><\/h2>\n<h5><span style=\"color: #f5f5f5;\">\u2013\u2013\u2013\u2013\u2013\u2013\u2013\u2013\u2013\u2013\u2013\u2013\u2013\u2013\u2013\u2013\u2013\u2013\u2013\u2013<\/span><\/h5>\n<p>Fields marked with * are mandatory.<\/p>\n<\/div>\n\n\n\n\n<div class=\"wpb_text_column wpb_content_element  wpb_animate_when_almost_visible wpb_fadeIn fadeIn vc_custom_1767881298337\" >\n\t<p class=\"elementor-heading-title elementor-size-default\">\n<div class=\"wpcf7 no-js\" id=\"wpcf7-f2013-o1\" lang=\"en-US\" dir=\"ltr\" data-wpcf7-id=\"2013\">\n<div class=\"screen-reader-response\"><p role=\"status\" aria-live=\"polite\" aria-atomic=\"true\"><\/p> <ul><\/ul><\/div>\n<form action=\"\/en\/wp-json\/wp\/v2\/pages\/1652#wpcf7-f2013-o1\" method=\"post\" class=\"wpcf7-form init\" aria-label=\"Contact form\" novalidate=\"novalidate\" data-status=\"init\" data-trp-original-action=\"\/en\/wp-json\/wp\/v2\/pages\/1652#wpcf7-f2013-o1\">\n<fieldset class=\"hidden-fields-container\"><input type=\"hidden\" name=\"_wpcf7\" value=\"2013\" \/><input type=\"hidden\" name=\"_wpcf7_version\" value=\"6.1.5\" \/><input type=\"hidden\" name=\"_wpcf7_locale\" value=\"en_US\" \/><input type=\"hidden\" name=\"_wpcf7_unit_tag\" value=\"wpcf7-f2013-o1\" \/><input type=\"hidden\" name=\"_wpcf7_container_post\" value=\"0\" \/><input type=\"hidden\" name=\"_wpcf7_posted_data_hash\" value=\"\" \/><input type=\"hidden\" name=\"_wpcf7_recaptcha_response\" value=\"\" \/>\n<\/fieldset>\n<div class=\"nectar-wpcf7-inline-form\">\n\t<div class=\"nectar-wpcf7-inline-field\">\n\t\t<p><label for=\"nume\">Name *<\/label><br \/>\n<span class=\"wpcf7-form-control-wrap\" data-name=\"nume\"><input size=\"40\" maxlength=\"400\" class=\"wpcf7-form-control wpcf7-text wpcf7-validates-as-required\" id=\"nume\" aria-required=\"true\" aria-invalid=\"false\" value=\"\" type=\"text\" name=\"nume\" \/><\/span>\n\t\t<\/p>\n\t<\/div>\n\t<div class=\"nectar-wpcf7-inline-field\">\n\t\t<p><label for=\"telefon\">Phone number<\/label><br \/>\n<span class=\"wpcf7-form-control-wrap\" data-name=\"telefon\"><input size=\"40\" maxlength=\"400\" class=\"wpcf7-form-control wpcf7-tel wpcf7-text wpcf7-validates-as-tel\" id=\"telefon\" aria-invalid=\"false\" value=\"\" type=\"tel\" name=\"telefon\" \/><\/span>\n\t\t<\/p>\n\t<\/div>\n<\/div>\n<p><label for=\"email\">Email address *<\/label><br \/>\n<span class=\"wpcf7-form-control-wrap\" data-name=\"email\"><input size=\"40\" maxlength=\"400\" class=\"wpcf7-form-control wpcf7-email wpcf7-validates-as-required wpcf7-text wpcf7-validates-as-email\" id=\"email\" aria-required=\"true\" aria-invalid=\"false\" value=\"\" type=\"email\" name=\"email\" \/><\/span>\n<\/p>\n<p><label for=\"mesaj\">Your message *<\/label><br \/>\n<span class=\"wpcf7-form-control-wrap\" data-name=\"mesaj\"><textarea cols=\"40\" rows=\"2\" maxlength=\"2000\" class=\"wpcf7-form-control wpcf7-textarea wpcf7-validates-as-required\" id=\"mesaj\" aria-required=\"true\" aria-invalid=\"false\" name=\"mesaj\"><\/textarea><\/span>\n<\/p>\n<p>By using this form, you agree to <a href=\"https:\/\/xtrailer.ro\/en\/termeni-si-conditii\/\" target=\"_blank\">Terms and Conditions<\/a> and confirm that you have read and understood <a href=\"https:\/\/xtrailer.ro\/en\/politica-de-confidentialitate\/\" target=\"_blank\">Privacy Policy<\/a>.\n<\/p>\n<span class=\"wpcf7-form-control-wrap recaptcha\" data-name=\"recaptcha\"><span data-sitekey=\"6LchQEQsAAAAAJL2M9NIRzTjKlCyGBBP4m3U2iKE\" class=\"wpcf7-form-control wpcf7-recaptcha g-recaptcha\"><\/span>\r\n<noscript>\r\n\t<div class=\"grecaptcha-noscript\">\r\n\t\t<iframe loading=\"lazy\" src=\"https:\/\/www.google.com\/recaptcha\/api\/fallback?k=6LchQEQsAAAAAJL2M9NIRzTjKlCyGBBP4m3U2iKE\" frameborder=\"0\" scrolling=\"no\" width=\"310\" height=\"430\">\r\n\t\t<\/iframe>\r\n\t\t<textarea name=\"g-recaptcha-response\" rows=\"3\" cols=\"40\" placeholder=\"reCaptcha Response Here\">\r\n\t\t<\/textarea>\r\n\t<\/div>\r\n<\/noscript>\r\n<\/span>\n<p><input class=\"wpcf7-form-control wpcf7-submit has-spinner\" type=\"submit\" value=\"Send\" \/>\n<\/p><div class=\"wpcf7-response-output\" aria-hidden=\"true\"><\/div>\n<input type=\"hidden\" name=\"trp-form-language\" value=\"en\"\/><\/form>\n<\/div>\n<\/div>\n\n\n\n\n\t\t<\/div> \n\t<\/div>\n\t<\/div> \n<\/div><\/div>\n\t\t\t<\/div> \n\t\t<\/div>\n\t<\/div> \n<\/div><\/div>","protected":false},"excerpt":{"rendered":"Contacteaz\u0103-ne Ai \u00eentreb\u0103ri sau vrei s\u0103 discut\u0103m despre achizi\u021bia unui vehicul rulat? Suntem aici s\u0103 te ajut\u0103m. R\u0103spundem rapid \u0219i \u00ee\u021bi oferim recomand\u0103ri clare, adaptate nevoilor tale. office@xtrailer.ro +40 721...","protected":false},"author":1,"featured_media":0,"parent":0,"menu_order":0,"comment_status":"closed","ping_status":"closed","template":"","meta":{"footnotes":""},"class_list":["post-1652","page","type-page","status-publish"],"yoast_head":"<!-- This site is optimized with the Yoast SEO plugin v27.5 - https:\/\/yoast.com\/product\/yoast-seo-wordpress\/ -->\n<title>Contact - XTrailer<\/title>\n<meta name=\"robots\" content=\"index, follow, max-snippet:-1, max-image-preview:large, max-video-preview:-1\" \/>\n<link rel=\"canonical\" href=\"https:\/\/xtrailer.ro\/en\/contact\/\" \/>\n<meta property=\"og:locale\" content=\"en_US\" \/>\n<meta property=\"og:type\" content=\"article\" \/>\n<meta property=\"og:title\" content=\"Contact - XTrailer\" \/>\n<meta property=\"og:url\" content=\"https:\/\/xtrailer.ro\/en\/contact\/\" \/>\n<meta property=\"og:site_name\" content=\"XTrailer\" \/>\n<meta property=\"article:publisher\" content=\"https:\/\/www.facebook.com\/xtrailer.715720\" \/>\n<meta property=\"article:modified_time\" content=\"2026-01-28T15:52:06+00:00\" \/>\n<meta name=\"twitter:card\" content=\"summary_large_image\" \/>\n<meta name=\"twitter:label1\" content=\"Est. reading time\" \/>\n\t<meta name=\"twitter:data1\" content=\"5 minutes\" \/>\n<script type=\"application\/ld+json\" class=\"yoast-schema-graph\">{\"@context\":\"https:\\\/\\\/schema.org\",\"@graph\":[{\"@type\":\"WebPage\",\"@id\":\"https:\\\/\\\/xtrailer.ro\\\/contact\\\/\",\"url\":\"https:\\\/\\\/xtrailer.ro\\\/contact\\\/\",\"name\":\"Contact - XTrailer\",\"isPartOf\":{\"@id\":\"https:\\\/\\\/xtrailer.ro\\\/#website\"},\"datePublished\":\"2025-12-17T14:39:24+00:00\",\"dateModified\":\"2026-01-28T15:52:06+00:00\",\"breadcrumb\":{\"@id\":\"https:\\\/\\\/xtrailer.ro\\\/contact\\\/#breadcrumb\"},\"inLanguage\":\"en-US\",\"potentialAction\":[{\"@type\":\"ReadAction\",\"target\":[\"https:\\\/\\\/xtrailer.ro\\\/contact\\\/\"]}]},{\"@type\":\"BreadcrumbList\",\"@id\":\"https:\\\/\\\/xtrailer.ro\\\/contact\\\/#breadcrumb\",\"itemListElement\":[{\"@type\":\"ListItem\",\"position\":1,\"name\":\"Home\",\"item\":\"https:\\\/\\\/xtrailer.ro\\\/\"},{\"@type\":\"ListItem\",\"position\":2,\"name\":\"Contact\"}]},{\"@type\":\"WebSite\",\"@id\":\"https:\\\/\\\/xtrailer.ro\\\/#website\",\"url\":\"https:\\\/\\\/xtrailer.ro\\\/\",\"name\":\"XTrailer\",\"description\":\"\",\"publisher\":{\"@id\":\"https:\\\/\\\/xtrailer.ro\\\/#organization\"},\"potentialAction\":[{\"@type\":\"SearchAction\",\"target\":{\"@type\":\"EntryPoint\",\"urlTemplate\":\"https:\\\/\\\/xtrailer.ro\\\/?s={search_term_string}\"},\"query-input\":{\"@type\":\"PropertyValueSpecification\",\"valueRequired\":true,\"valueName\":\"search_term_string\"}}],\"inLanguage\":\"en-US\"},{\"@type\":\"Organization\",\"@id\":\"https:\\\/\\\/xtrailer.ro\\\/#organization\",\"name\":\"XTrailer\",\"url\":\"https:\\\/\\\/xtrailer.ro\\\/\",\"logo\":{\"@type\":\"ImageObject\",\"inLanguage\":\"en-US\",\"@id\":\"https:\\\/\\\/xtrailer.ro\\\/#\\\/schema\\\/logo\\\/image\\\/\",\"url\":\"https:\\\/\\\/xtrailer.ro\\\/wp-content\\\/uploads\\\/2026\\\/01\\\/Logo-XTrailer-1x.png\",\"contentUrl\":\"https:\\\/\\\/xtrailer.ro\\\/wp-content\\\/uploads\\\/2026\\\/01\\\/Logo-XTrailer-1x.png\",\"width\":500,\"height\":133,\"caption\":\"XTrailer\"},\"image\":{\"@id\":\"https:\\\/\\\/xtrailer.ro\\\/#\\\/schema\\\/logo\\\/image\\\/\"},\"sameAs\":[\"https:\\\/\\\/www.facebook.com\\\/xtrailer.715720\",\"https:\\\/\\\/www.tiktok.com\\\/@trailerstore\"]}]}<\/script>\n<!-- \/ Yoast SEO plugin. -->","yoast_head_json":{"title":"Contact - XTrailer","robots":{"index":"index","follow":"follow","max-snippet":"max-snippet:-1","max-image-preview":"max-image-preview:large","max-video-preview":"max-video-preview:-1"},"canonical":"https:\/\/xtrailer.ro\/en\/contact\/","og_locale":"en_US","og_type":"article","og_title":"Contact - XTrailer","og_url":"https:\/\/xtrailer.ro\/en\/contact\/","og_site_name":"XTrailer","article_publisher":"https:\/\/www.facebook.com\/xtrailer.715720","article_modified_time":"2026-01-28T15:52:06+00:00","twitter_card":"summary_large_image","twitter_misc":{"Est. reading time":"5 minutes"},"schema":{"@context":"https:\/\/schema.org","@graph":[{"@type":"WebPage","@id":"https:\/\/xtrailer.ro\/contact\/","url":"https:\/\/xtrailer.ro\/contact\/","name":"Contact - XTrailer","isPartOf":{"@id":"https:\/\/xtrailer.ro\/#website"},"datePublished":"2025-12-17T14:39:24+00:00","dateModified":"2026-01-28T15:52:06+00:00","breadcrumb":{"@id":"https:\/\/xtrailer.ro\/contact\/#breadcrumb"},"inLanguage":"en-US","potentialAction":[{"@type":"ReadAction","target":["https:\/\/xtrailer.ro\/contact\/"]}]},{"@type":"BreadcrumbList","@id":"https:\/\/xtrailer.ro\/contact\/#breadcrumb","itemListElement":[{"@type":"ListItem","position":1,"name":"Home","item":"https:\/\/xtrailer.ro\/"},{"@type":"ListItem","position":2,"name":"Contact"}]},{"@type":"WebSite","@id":"https:\/\/xtrailer.ro\/#website","url":"https:\/\/xtrailer.ro\/","name":"you","description":"","publisher":{"@id":"https:\/\/xtrailer.ro\/#organization"},"potentialAction":[{"@type":"SearchAction","target":{"@type":"EntryPoint","urlTemplate":"https:\/\/xtrailer.ro\/?s={search_term_string}"},"query-input":{"@type":"PropertyValueSpecification","valueRequired":true,"valueName":"search_term_string"}}],"inLanguage":"en-US"},{"@type":"Organization","@id":"https:\/\/xtrailer.ro\/#organization","name":"you","url":"https:\/\/xtrailer.ro\/","logo":{"@type":"ImageObject","inLanguage":"en-US","@id":"https:\/\/xtrailer.ro\/#\/schema\/logo\/image\/","url":"https:\/\/xtrailer.ro\/wp-content\/uploads\/2026\/01\/Logo-XTrailer-1x.png","contentUrl":"https:\/\/xtrailer.ro\/wp-content\/uploads\/2026\/01\/Logo-XTrailer-1x.png","width":500,"height":133,"caption":"XTrailer"},"image":{"@id":"https:\/\/xtrailer.ro\/#\/schema\/logo\/image\/"},"sameAs":["https:\/\/www.facebook.com\/xtrailer.715720","https:\/\/www.tiktok.com\/@trailerstore"]}]}},"_links":{"self":[{"href":"https:\/\/xtrailer.ro\/en\/wp-json\/wp\/v2\/pages\/1652","targetHints":{"allow":["GET"]}}],"collection":[{"href":"https:\/\/xtrailer.ro\/en\/wp-json\/wp\/v2\/pages"}],"about":[{"href":"https:\/\/xtrailer.ro\/en\/wp-json\/wp\/v2\/types\/page"}],"author":[{"embeddable":true,"href":"https:\/\/xtrailer.ro\/en\/wp-json\/wp\/v2\/users\/1"}],"replies":[{"embeddable":true,"href":"https:\/\/xtrailer.ro\/en\/wp-json\/wp\/v2\/comments?post=1652"}],"version-history":[{"count":52,"href":"https:\/\/xtrailer.ro\/en\/wp-json\/wp\/v2\/pages\/1652\/revisions"}],"predecessor-version":[{"id":2945,"href":"https:\/\/xtrailer.ro\/en\/wp-json\/wp\/v2\/pages\/1652\/revisions\/2945"}],"wp:attachment":[{"href":"https:\/\/xtrailer.ro\/en\/wp-json\/wp\/v2\/media?parent=1652"}],"curies":[{"name":"wp","href":"https:\/\/api.w.org\/{rel}","templated":true}]}}